{"id":3356,"date":"2021-12-23T14:02:19","date_gmt":"2021-12-23T13:02:19","guid":{"rendered":"https:\/\/creafor.be\/afterpress-partner-2\/"},"modified":"2025-04-15T14:10:41","modified_gmt":"2025-04-15T12:10:41","slug":"plan-climat","status":"publish","type":"page","link":"https:\/\/creafor.be\/fr\/klimaatplan\/","title":{"rendered":"Plan climat"},"content":{"rendered":"<div class=\"wrapper cf\">\n<div class=\"right-50\"><img data-recalc-dims=\"1\" decoding=\"async\" class=\"attachment-medium size-medium wp-post-image\" src=\"https:\/\/i0.wp.com\/creafor.be\/wp-content\/uploads\/2021\/03\/CREAFOR-ontdek-onze-eco-valenten-2.png?w=500&#038;ssl=1\" alt=\"Signes\"   align=\"top\" \/>\n  <\/div>\n<div class=\"left-50\">\n<h1>Un monde de l'impression durable<\/h1>\n<blockquote><p>Chez Creafor, nous avons une vision positive d'un monde de l'impression plus durable.<\/p><\/blockquote>\n<blockquote><p>En 2022, nous avons \u00e9labor\u00e9 notre premier plan climatique.<\/p><\/blockquote>\n<blockquote><p>Pr\u00e8s de 10 000 arbres plant\u00e9s \u00e0 Madagascar.<\/p><\/blockquote>\n<blockquote><p>Creafor est un pionnier dans l'impression de bio-plastiques.<\/p><\/blockquote>\n<div class=\"product-buttons\"><a class=\"button ghost\" href=\"..\/..\/contacteer-ons\">Je souhaite obtenir plus d'informations<\/a><\/div>\n<\/p><\/div>\n<\/p><\/div>\n<\/p>\n<div class=\"wrapper cf\">\n<section class=\"left-50\">\n<h2>Notre plan climat<\/h2>\n<p>Chez Creafor, nous nous effor\u00e7ons de cr\u00e9er un monde de l'impression durable. Nous essayons de maintenir notre empreinte aussi faible que possible en prenant diverses mesures. Cette transition est en constante \u00e9volution, notamment gr\u00e2ce \u00e0 de nombreux d\u00e9veloppements. Creafor suit ces d\u00e9veloppements de pr\u00e8s. Notre propre plan climatique illustre notre transition.<\/p>\n<h3>Vous pouvez t\u00e9l\u00e9charger notre plan climat ci-dessous en fran\u00e7ais, n\u00e9erlandais ou anglais :<\/h3>\n<\/p>\n<ul class=\"lijst\">\n<li><a href=\"https:\/\/creafor.be\/wp-content\/uploads\/2025\/04\/klimaatplan_2025_NL.pdf\">plan climat_2025_NL<\/a><\/li>\n<li><a href=\"https:\/\/creafor.be\/wp-content\/uploads\/2025\/04\/klimaatplan_2025_ENG.pdf\">plan climat 2025_FRA<\/a><\/li>\n<li><a href=\"https:\/\/creafor.be\/wp-content\/uploads\/2025\/04\/klimaatplan_2025_FR.pdf\">plan climat_2025_FR<\/a><\/li>\n<\/ul>\n<\/section>\n<section class=\"right-50\">\n<h2>Goforest<\/h2>\n<p>Depuis 2022, nous plantons un arbre pour chaque commande. Cette collaboration avec Goforest a d\u00e9j\u00e0 permis de planter environ 10 000 arbres. <\/p>\n<h3><a href=\"https:\/\/www.go-impact.be\/en\/partners\/creafor\" target=\"_blank\">Cliquez ici sur notre compteur de bombes<\/a><\/h3>\n<\/p>\n<p>   <img data-recalc-dims=\"1\" decoding=\"async\" src=\"https:\/\/i0.wp.com\/creafor.be\/wp-content\/uploads\/2025\/04\/PHOTO-2023-10-10-09-11-06.jpg?w=500&#038;ssl=1\" alt=\"\"   class=\"alignnone size-medium wp-image-6182\" srcset=\"https:\/\/i0.wp.com\/creafor.be\/wp-content\/uploads\/2025\/04\/PHOTO-2023-10-10-09-11-06.jpg?resize=800%2C531&amp;ssl=1 800w, https:\/\/i0.wp.com\/creafor.be\/wp-content\/uploads\/2025\/04\/PHOTO-2023-10-10-09-11-06.jpg?resize=768%2C510&amp;ssl=1 768w, https:\/\/i0.wp.com\/creafor.be\/wp-content\/uploads\/2025\/04\/PHOTO-2023-10-10-09-11-06.jpg?resize=1536%2C1020&amp;ssl=1 1536w, https:\/\/i0.wp.com\/creafor.be\/wp-content\/uploads\/2025\/04\/PHOTO-2023-10-10-09-11-06.jpg?resize=18%2C12&amp;ssl=1 18w, https:\/\/i0.wp.com\/creafor.be\/wp-content\/uploads\/2025\/04\/PHOTO-2023-10-10-09-11-06.jpg?resize=1320%2C876&amp;ssl=1 1320w, https:\/\/i0.wp.com\/creafor.be\/wp-content\/uploads\/2025\/04\/PHOTO-2023-10-10-09-11-06.jpg?w=1600&amp;ssl=1 1600w\" sizes=\"(max-width: 800px) 100vw, 800px\" \/><br \/>\n    <\/section>\n<\/div>\n<div class=\"wrapper cf\">\n<section class=\"right-50\">\n<h2>Acquisition 250 m\u00b2 de r\u00e9serve naturelle<\/h2>\n<p>Creafor a donn\u00e9 un coup de pouce \u00e0 l'ASBL Durme pour l'extension de sa r\u00e9serve naturelle De Buylaers. En 2019, Creafor a achet\u00e9 250 m\u00e8tres carr\u00e9s de terrain pour l'extension de cette r\u00e9serve. <\/p>\n<h3><a href=\"https:\/\/www.vzwdurme.be\/site22\/de-buylaers\" target=\"_blank\">Plus d'infos sur De Buylaers<\/a><\/h3>\n<\/p>\n<p>   <img data-recalc-dims=\"1\" fetchpriority=\"high\" decoding=\"async\" src=\"https:\/\/i0.wp.com\/creafor.be\/wp-content\/uploads\/2025\/04\/IMG_1829.jpg?resize=800%2C600&#038;ssl=1\" alt=\"\" width=\"800\" height=\"600\" class=\"alignnone size-medium wp-image-6191\" srcset=\"https:\/\/i0.wp.com\/creafor.be\/wp-content\/uploads\/2025\/04\/IMG_1829-scaled.jpg?resize=800%2C600&amp;ssl=1 800w, https:\/\/i0.wp.com\/creafor.be\/wp-content\/uploads\/2025\/04\/IMG_1829-scaled.jpg?resize=2024%2C1518&amp;ssl=1 2024w, https:\/\/i0.wp.com\/creafor.be\/wp-content\/uploads\/2025\/04\/IMG_1829-scaled.jpg?resize=768%2C576&amp;ssl=1 768w, https:\/\/i0.wp.com\/creafor.be\/wp-content\/uploads\/2025\/04\/IMG_1829-scaled.jpg?resize=1536%2C1152&amp;ssl=1 1536w, https:\/\/i0.wp.com\/creafor.be\/wp-content\/uploads\/2025\/04\/IMG_1829-scaled.jpg?resize=2048%2C1536&amp;ssl=1 2048w, https:\/\/i0.wp.com\/creafor.be\/wp-content\/uploads\/2025\/04\/IMG_1829-scaled.jpg?resize=16%2C12&amp;ssl=1 16w, https:\/\/i0.wp.com\/creafor.be\/wp-content\/uploads\/2025\/04\/IMG_1829-scaled.jpg?resize=1320%2C990&amp;ssl=1 1320w\" sizes=\"(max-width: 800px) 100vw, 800px\" \/><\/p>\n<\/section>\n<section class=\"left-50\">\n<h2>Le Grand Bassin<\/h2>\n<p>En 2024, nous avons plant\u00e9 une for\u00eat avec nos employ\u00e9s. Nous l'avons fait en collaboration avec l'ASBL Durme, et 2600 arbres ont \u00e9t\u00e9 plant\u00e9s en un rien de temps. Cela a permis de cr\u00e9er 1,37 hectare de nouvelle for\u00eat locale le long du canal Moervaart. <\/p>\n<h3><a href=\"https:\/\/www.bosteller.be\/verhalen\/verre-bunder\/28edad36-a841-490d-8271-7556794547de\" target=\"_blank\">Cliquez ici sur le lien vers bosteller<\/a><\/h3>\n<\/p>\n<p>   <img data-recalc-dims=\"1\" decoding=\"async\" src=\"https:\/\/i0.wp.com\/creafor.be\/wp-content\/uploads\/2024\/02\/CREAFOR-img_9707.jpg?w=500&#038;ssl=1\" alt=\"\"   class=\"alignnone size-medium wp-image-6182\" \/><br \/>\n    <\/section>\n<\/p><\/div>\n<\/p><\/div>","protected":false},"excerpt":{"rendered":"<p>Een duurzame printwereld Bij Creafor kijken we positief naar een duurzamere printwereld. In 2022 ontwikkelden we ons eerste klimaatplan. Bijna 10.000 bomen aangeplant in Madagaskar. Creafor is pionier in het bedrukken van bio plastics. Ik wil graag meer info aanvragen Ons klimaatplan Bij Creafor streven we naar een duurzame printwereld. We trachten onze voetafdruk zo [&hellip;]<\/p>\n","protected":false},"author":1,"featured_media":3184,"parent":0,"menu_order":9,"comment_status":"closed","ping_status":"closed","template":"","meta":{"_acf_changed":false,"footnotes":""},"class_list":["post-3356","page","type-page","status-publish","has-post-thumbnail","hentry"],"acf":[],"jetpack_sharing_enabled":true,"_links":{"self":[{"href":"https:\/\/creafor.be\/fr\/wp-json\/wp\/v2\/pages\/3356","targetHints":{"allow":["GET"]}}],"collection":[{"href":"https:\/\/creafor.be\/fr\/wp-json\/wp\/v2\/pages"}],"about":[{"href":"https:\/\/creafor.be\/fr\/wp-json\/wp\/v2\/types\/page"}],"author":[{"embeddable":true,"href":"https:\/\/creafor.be\/fr\/wp-json\/wp\/v2\/users\/1"}],"replies":[{"embeddable":true,"href":"https:\/\/creafor.be\/fr\/wp-json\/wp\/v2\/comments?post=3356"}],"version-history":[{"count":76,"href":"https:\/\/creafor.be\/fr\/wp-json\/wp\/v2\/pages\/3356\/revisions"}],"predecessor-version":[{"id":6195,"href":"https:\/\/creafor.be\/fr\/wp-json\/wp\/v2\/pages\/3356\/revisions\/6195"}],"wp:featuredmedia":[{"embeddable":true,"href":"https:\/\/creafor.be\/fr\/wp-json\/wp\/v2\/media\/3184"}],"wp:attachment":[{"href":"https:\/\/creafor.be\/fr\/wp-json\/wp\/v2\/media?parent=3356"}],"curies":[{"name":"wp","href":"https:\/\/api.w.org\/{rel}","templated":true}]}}