{"id":2820,"date":"2020-10-27T09:44:00","date_gmt":"2020-10-27T08:44:00","guid":{"rendered":"https:\/\/creafor.be\/?page_id=2820"},"modified":"2021-02-24T10:07:08","modified_gmt":"2021-02-24T09:07:08","slug":"serigraphie-creafor","status":"publish","type":"page","link":"https:\/\/creafor.be\/fr\/zeefdrukkerij-creafor\/","title":{"rendered":"S\u00e9rigraphie Creafor"},"content":{"rendered":"<div class=\"wrapper cf\">\n<div class=\"right-30 product-image\"><img data-recalc-dims=\"1\" fetchpriority=\"high\" decoding=\"async\" class=\"attachment-medium size-medium wp-post-image\" src=\"https:\/\/i0.wp.com\/creafor.be\/wp-content\/uploads\/2020\/10\/CREAFOR-zeefdrukkerij-creafor.jpg?resize=500%2C500&#038;ssl=1\" alt=\"s\u00e9rigraphie\" width=\"500\" height=\"500\" align=\"top\" \/><\/div>\n<div class=\"left-70 product-intro\">\n<h1>S\u00e9rigraphie Creafor<\/h1>\n<blockquote><p>Plus de 30 ans d'exp\u00e9rience en s\u00e9rigraphie.<\/p><\/blockquote>\n<blockquote><p>Des presses \u00e0 s\u00e9rigraphie ultramodernes, uniques dans le Benelux.<\/p><\/blockquote>\n<blockquote><p>Creafor s'imprime sur presque tout...<\/p><\/blockquote>\n<div class=\"product-buttons\"><a class=\"button ghost\" href=\"..\/..\/contacteer-ons\">Je souhaite obtenir plus d'informations<\/a><\/div>\n<h2><\/h2>\n<h2>Qu'est-ce que la s\u00e9rigraphie ?<\/h2>\n<p>La s\u00e9rigraphie est une technique d'impression par transfert qui consiste \u00e0 presser l'encre \u00e0 travers les parties perm\u00e9ables de l'\u00e9cran \u00e0 l'aide d'une raclette d'impression. Les \u00e9crans existent en diff\u00e9rents types de mailles, ce qui permet de d\u00e9terminer l'\u00e9paisseur de la couche d'encre. Il existe des \u00e9crans tr\u00e8s grossiers, qui laissent passer beaucoup d'encre, et des \u00e9crans tr\u00e8s fins. En s\u00e9rigraphie, nous imprimons couleur par couleur, et nous avons donc un \u00e9cran distinct pour chaque couleur.  Le cadre propre de l'\u00e9cran est d'abord enduit d'une \u00e9mulsion sensible \u00e0 la lumi\u00e8re, que l'on laisse d'abord s\u00e9cher. Une fois l'\u00e9cran sec, nous pouvons l'exposer \u00e0 l'aide d'un film contenant l'image imprim\u00e9e (positive et lisible). Les parties noires du film arr\u00eatent donc l'exposition, ces parties ne sont pas expos\u00e9es et durcies. Ces parties sont donc perm\u00e9ables \u00e0 l'encre. Apr\u00e8s l'exposition, nous pulv\u00e9risons l'\u00e9mulsion non durcie de l'\u00e9cran avec de l'eau, ce qui nous permet de commencer la s\u00e9rigraphie. Nous montons l'\u00e9cran dans une position parfaite (registre) sur la presse s\u00e9rigraphique. L'encre est \u00e9tal\u00e9e sur l'\u00e9cran \u00e0 l'aide d'une raclette \u00e0 contre-pression. La raclette presse l'encre sur le support \u00e0 travers les parties ouvertes ou perm\u00e9ables \u00e0 l'encre de l'\u00e9cran. Le mat\u00e9riau imprim\u00e9 passe ensuite dans un tunnel de s\u00e9chage. Cette op\u00e9ration \u00e9tait autrefois effectu\u00e9e manuellement, mais il existe aujourd'hui des machines de s\u00e9rigraphie enti\u00e8rement automatiques et de haute technologie. Vous souhaitez en savoir plus sur la technologie de la s\u00e9rigraphie ? Alors n'h\u00e9sitez pas \u00e0 consulter <a href=\"https:\/\/nl.wikipedia.org\/wiki\/Zeefdruk\" target=\"_blank\" rel=\"noopener\">ici<\/a> un regard.<\/p>\n<h2>Pourquoi utiliser la s\u00e9rigraphie ?<\/h2>\n<ul>\n<li>la s\u00e9rigraphie a une \u00e9paisseur de couche d'encre plus importante que les autres techniques d'impression<\/li>\n<li>Avec la s\u00e9rigraphie, nous pouvons imprimer sur presque tous les mat\u00e9riaux, les questions sont gratuites.<\/li>\n<li>La s\u00e9rigraphie offre la plus grande r\u00e9sistance et long\u00e9vit\u00e9 des couleurs, id\u00e9ale pour l'ext\u00e9rieur.<\/li>\n<li>En s\u00e9rigraphie, on imprime avec toutes sortes d'\"encres\", encre conductrice, chocolat, colle, phosphore...<\/li>\n<li>pour les reproductions d'art ou les tirages d'art, la s\u00e9rigraphie est la technique de choix.<\/li>\n<li>la s\u00e9rigraphie est possible \u00e0 partir de petits (manuels) jusqu'\u00e0 de tr\u00e8s grands tirages (enti\u00e8rement automatiques)<\/li>\n<li>Ou tout simplement parce que vous \u00eates un fan de la s\u00e9rigraphie...<\/li>\n<\/ul>\n<p>&nbsp;<\/p>\n<h2>Pourquoi la s\u00e9rigraphie chez Creafor \u00e0 Lokeren ?<\/h2>\n<ul>\n<li>plus de 30 ans d'exp\u00e9rience en s\u00e9rigraphie<\/li>\n<li>4 lignes de s\u00e9rigraphie ultramodernes, uniques dans le Benelux<\/li>\n<li>la meilleure qualit\u00e9 de s\u00e9rigraphie du march\u00e9 gr\u00e2ce \u00e0 des ann\u00e9es de R&amp;D<\/li>\n<li>une solution interne pour tous les formats et volumes<\/li>\n<li>fonctionne \u00e9galement pour d'autres s\u00e9rigraphes (les bonnes affaires font les bons amis)<\/li>\n<li>une \u00e9quipe jeune et dynamique avec une passion commune : la s\u00e9rigraphie<\/li>\n<li>Tout pour avoir un client satisfait \u00e0 n'importe quel prix.<\/li>\n<li>Ou tout simplement parce que vous \u00eates un fan de Creafor<\/li>\n<\/ul>\n<div class=\"product-buttons\"><a class=\"button ghost\" href=\"..\/..\/contacteer-ons\">J'ai une autre question concernant la s\u00e9rigraphie<\/a><\/div>\n<\/div>\n<\/div>","protected":false},"excerpt":{"rendered":"<p>Zeefdrukkerij Creafor Meer dan 30 jaar zeefdruk ervaring. Hypermoderne zeefdrukpersen, uniek in de Benelux. Creafor drukt op bijna alles&#8230; Ik wil graag meer info aanvragen Wat is zeefdruk? Zeefdruk (of serigrafie) is een doordruktechniek waarbij we inkt met een drukrakel door de inktdoorlatende delen van de zeef drukken. De zeven bestaan in diverse gaastypes, zo [&hellip;]<\/p>\n","protected":false},"author":1,"featured_media":0,"parent":0,"menu_order":5,"comment_status":"closed","ping_status":"closed","template":"","meta":{"_acf_changed":false,"footnotes":""},"class_list":["post-2820","page","type-page","status-publish","hentry"],"acf":[],"jetpack_sharing_enabled":true,"_links":{"self":[{"href":"https:\/\/creafor.be\/fr\/wp-json\/wp\/v2\/pages\/2820","targetHints":{"allow":["GET"]}}],"collection":[{"href":"https:\/\/creafor.be\/fr\/wp-json\/wp\/v2\/pages"}],"about":[{"href":"https:\/\/creafor.be\/fr\/wp-json\/wp\/v2\/types\/page"}],"author":[{"embeddable":true,"href":"https:\/\/creafor.be\/fr\/wp-json\/wp\/v2\/users\/1"}],"replies":[{"embeddable":true,"href":"https:\/\/creafor.be\/fr\/wp-json\/wp\/v2\/comments?post=2820"}],"version-history":[{"count":23,"href":"https:\/\/creafor.be\/fr\/wp-json\/wp\/v2\/pages\/2820\/revisions"}],"predecessor-version":[{"id":3168,"href":"https:\/\/creafor.be\/fr\/wp-json\/wp\/v2\/pages\/2820\/revisions\/3168"}],"wp:attachment":[{"href":"https:\/\/creafor.be\/fr\/wp-json\/wp\/v2\/media?parent=2820"}],"curies":[{"name":"wp","href":"https:\/\/api.w.org\/{rel}","templated":true}]}}