{"id":1796,"date":"2017-05-19T12:44:23","date_gmt":"2017-05-19T10:44:23","guid":{"rendered":"http:\/\/creafor.be\/afwerkingsmogelijkheden-bij-creafor-2\/"},"modified":"2018-05-15T13:12:31","modified_gmt":"2018-05-15T11:12:31","slug":"comment-surimprimer-mon-fichier","status":"publish","type":"page","link":"https:\/\/creafor.be\/fr\/hoe-geef-ik-overdruk-aan-mijn-bestand\/","title":{"rendered":"Surpression"},"content":{"rendered":"<h1>Surpression<\/h1>\n<p>Pour que vos imprim\u00e9s soient parfaitement imprim\u00e9s, il est n\u00e9cessaire de surimprimer certaines couleurs. D\u00e9couvrez ci-dessous ce qu'il faut faire pour que vos imprim\u00e9s soient parfaitement assortis !<\/p>\n<p><iframe src=\"https:\/\/www.youtube.com\/embed\/-Xja2Fgb8RI\" width=\"1280\" height=\"720\" frameborder=\"0\" allowfullscreen=\"allowfullscreen\"><\/iframe><\/p>\n<pre><\/pre>","protected":false},"excerpt":{"rendered":"<p>Surimpression Pour que votre mat\u00e9riel imprim\u00e9 s'imprime parfaitement, il est n\u00e9cessaire de surimprimer certaines couleurs. Voici ce qu'il faut faire pour que votre mat\u00e9riel imprim\u00e9 soit parfaitement assorti !<\/p>","protected":false},"author":1,"featured_media":0,"parent":0,"menu_order":18,"comment_status":"closed","ping_status":"closed","template":"","meta":{"_acf_changed":false,"footnotes":""},"class_list":["post-1796","page","type-page","status-publish","hentry"],"acf":[],"jetpack_sharing_enabled":true,"_links":{"self":[{"href":"https:\/\/creafor.be\/fr\/wp-json\/wp\/v2\/pages\/1796","targetHints":{"allow":["GET"]}}],"collection":[{"href":"https:\/\/creafor.be\/fr\/wp-json\/wp\/v2\/pages"}],"about":[{"href":"https:\/\/creafor.be\/fr\/wp-json\/wp\/v2\/types\/page"}],"author":[{"embeddable":true,"href":"https:\/\/creafor.be\/fr\/wp-json\/wp\/v2\/users\/1"}],"replies":[{"embeddable":true,"href":"https:\/\/creafor.be\/fr\/wp-json\/wp\/v2\/comments?post=1796"}],"version-history":[{"count":4,"href":"https:\/\/creafor.be\/fr\/wp-json\/wp\/v2\/pages\/1796\/revisions"}],"predecessor-version":[{"id":2186,"href":"https:\/\/creafor.be\/fr\/wp-json\/wp\/v2\/pages\/1796\/revisions\/2186"}],"wp:attachment":[{"href":"https:\/\/creafor.be\/fr\/wp-json\/wp\/v2\/media?parent=1796"}],"curies":[{"name":"wp","href":"https:\/\/api.w.org\/{rel}","templated":true}]}}