{"id":3356,"date":"2021-12-23T14:02:19","date_gmt":"2021-12-23T13:02:19","guid":{"rendered":"https:\/\/creafor.be\/afterpress-partner-2\/"},"modified":"2025-04-15T14:10:41","modified_gmt":"2025-04-15T12:10:41","slug":"klimaplan","status":"publish","type":"page","link":"https:\/\/creafor.be\/de\/klimaatplan\/","title":{"rendered":"Klimaplan"},"content":{"rendered":"<div class=\"wrapper cf\">\n<div class=\"right-50\"><img data-recalc-dims=\"1\" decoding=\"async\" class=\"attachment-medium size-medium wp-post-image\" src=\"https:\/\/i0.wp.com\/creafor.be\/wp-content\/uploads\/2021\/03\/CREAFOR-ontdek-onze-eco-valenten-2.png?w=500&#038;ssl=1\" alt=\"Schilder\"   align=\"top\" \/>\n  <\/div>\n<div class=\"left-50\">\n<h1>Eine nachhaltige Druckwelt<\/h1>\n<blockquote><p>Wir bei Creafor stehen einer nachhaltigeren Druckwelt positiv gegen\u00fcber.<\/p><\/blockquote>\n<blockquote><p>Im Jahr 2022 haben wir unseren ersten Klimaplan entwickelt.<\/p><\/blockquote>\n<blockquote><p>Fast 10.000 B\u00e4ume in Madagaskar gepflanzt.<\/p><\/blockquote>\n<blockquote><p>Creafor ist ein Pionier auf dem Gebiet des Drucks von Biokunststoffen.<\/p><\/blockquote>\n<div class=\"product-buttons\"><a class=\"button ghost\" href=\"..\/..\/contacteer-ons\">Ich m\u00f6chte gerne mehr Informationen anfordern<\/a><\/div>\n<\/p><\/div>\n<\/p><\/div>\n<\/p>\n<div class=\"wrapper cf\">\n<section class=\"left-50\">\n<h2>Unser Klimaplan<\/h2>\n<p>Bei Creafor streben wir nach einer nachhaltigen Druckwelt. Wir versuchen, unseren Fu\u00dfabdruck so klein wie m\u00f6glich zu halten, indem wir verschiedene Ma\u00dfnahmen ergreifen. Dieser Wandel ist st\u00e4ndig in Bewegung, auch dank zahlreicher Entwicklungen. Creafor verfolgt diese Entwicklungen genau. Unser eigener Klimaplan zeigt unseren Wandel auf.<\/p>\n<h3>Sie k\u00f6nnen unseren Klimaplan unten in Niederl\u00e4ndisch, Franz\u00f6sisch oder Englisch herunterladen:<\/h3>\n<\/p>\n<ul class=\"lijst\">\n<li><a href=\"https:\/\/creafor.be\/wp-content\/uploads\/2025\/04\/klimaatplan_2025_NL.pdf\">klimaplan_2025_NL<\/a><\/li>\n<li><a href=\"https:\/\/creafor.be\/wp-content\/uploads\/2025\/04\/klimaatplan_2025_ENG.pdf\">klimaplan_2025_ENG<\/a><\/li>\n<li><a href=\"https:\/\/creafor.be\/wp-content\/uploads\/2025\/04\/klimaatplan_2025_FR.pdf\">klimaplan_2025_FR<\/a><\/li>\n<\/ul>\n<\/section>\n<section class=\"right-50\">\n<h2>Goforest<\/h2>\n<p>Seit 2022 pflanzen wir mit jeder Bestellung 1 Baum. Diese Zusammenarbeit mit Goforest hat bereits zu rund 10.000 B\u00e4umen gef\u00fchrt. <\/p>\n<h3><a href=\"https:\/\/www.go-impact.be\/en\/partners\/creafor\" target=\"_blank\">Klicken Sie hier auf unseren Bombenz\u00e4hler<\/a><\/h3>\n<\/p>\n<p>   <img data-recalc-dims=\"1\" decoding=\"async\" src=\"https:\/\/i0.wp.com\/creafor.be\/wp-content\/uploads\/2025\/04\/PHOTO-2023-10-10-09-11-06.jpg?w=500&#038;ssl=1\" alt=\"\"   class=\"alignnone size-medium wp-image-6182\" srcset=\"https:\/\/i0.wp.com\/creafor.be\/wp-content\/uploads\/2025\/04\/PHOTO-2023-10-10-09-11-06.jpg?resize=800%2C531&amp;ssl=1 800w, https:\/\/i0.wp.com\/creafor.be\/wp-content\/uploads\/2025\/04\/PHOTO-2023-10-10-09-11-06.jpg?resize=768%2C510&amp;ssl=1 768w, https:\/\/i0.wp.com\/creafor.be\/wp-content\/uploads\/2025\/04\/PHOTO-2023-10-10-09-11-06.jpg?resize=1536%2C1020&amp;ssl=1 1536w, https:\/\/i0.wp.com\/creafor.be\/wp-content\/uploads\/2025\/04\/PHOTO-2023-10-10-09-11-06.jpg?resize=18%2C12&amp;ssl=1 18w, https:\/\/i0.wp.com\/creafor.be\/wp-content\/uploads\/2025\/04\/PHOTO-2023-10-10-09-11-06.jpg?resize=1320%2C876&amp;ssl=1 1320w, https:\/\/i0.wp.com\/creafor.be\/wp-content\/uploads\/2025\/04\/PHOTO-2023-10-10-09-11-06.jpg?w=1600&amp;ssl=1 1600w\" sizes=\"(max-width: 800px) 100vw, 800px\" \/><br \/>\n    <\/section>\n<\/div>\n<div class=\"wrapper cf\">\n<section class=\"right-50\">\n<h2>Erwerb eines 250 m\u00b2 gro\u00dfen Naturschutzgebietes<\/h2>\n<p>Creafor gab VZW Durme einen Ansto\u00df zur Erweiterung des Naturschutzgebiets De Buylaers. Im Jahr 2019 kaufte Creafor 250 Quadratmeter Land f\u00fcr die Erweiterung dieses Reservats. <\/p>\n<h3><a href=\"https:\/\/www.vzwdurme.be\/site22\/de-buylaers\" target=\"_blank\">Mehr Informationen \u00fcber De Buylaers<\/a><\/h3>\n<\/p>\n<p>   <img data-recalc-dims=\"1\" fetchpriority=\"high\" decoding=\"async\" src=\"https:\/\/i0.wp.com\/creafor.be\/wp-content\/uploads\/2025\/04\/IMG_1829.jpg?resize=800%2C600&#038;ssl=1\" alt=\"\" width=\"800\" height=\"600\" class=\"alignnone size-medium wp-image-6191\" srcset=\"https:\/\/i0.wp.com\/creafor.be\/wp-content\/uploads\/2025\/04\/IMG_1829-scaled.jpg?resize=800%2C600&amp;ssl=1 800w, https:\/\/i0.wp.com\/creafor.be\/wp-content\/uploads\/2025\/04\/IMG_1829-scaled.jpg?resize=2024%2C1518&amp;ssl=1 2024w, https:\/\/i0.wp.com\/creafor.be\/wp-content\/uploads\/2025\/04\/IMG_1829-scaled.jpg?resize=768%2C576&amp;ssl=1 768w, https:\/\/i0.wp.com\/creafor.be\/wp-content\/uploads\/2025\/04\/IMG_1829-scaled.jpg?resize=1536%2C1152&amp;ssl=1 1536w, https:\/\/i0.wp.com\/creafor.be\/wp-content\/uploads\/2025\/04\/IMG_1829-scaled.jpg?resize=2048%2C1536&amp;ssl=1 2048w, https:\/\/i0.wp.com\/creafor.be\/wp-content\/uploads\/2025\/04\/IMG_1829-scaled.jpg?resize=16%2C12&amp;ssl=1 16w, https:\/\/i0.wp.com\/creafor.be\/wp-content\/uploads\/2025\/04\/IMG_1829-scaled.jpg?resize=1320%2C990&amp;ssl=1 1320w\" sizes=\"(max-width: 800px) 100vw, 800px\" \/><\/p>\n<\/section>\n<section class=\"left-50\">\n<h2>Der Ferne Bunder<\/h2>\n<p>Im Jahr 2024 haben wir mit unseren Mitarbeitern einen Wald gepflanzt. Dies geschah in Zusammenarbeit mit VZW Durme. 2600 B\u00e4ume wurden in k\u00fcrzester Zeit in den Boden gebracht. So entstanden 1,37 Hektar neuer lokaler Wald entlang des Moervaart-Kanals. <\/p>\n<h3><a href=\"https:\/\/www.bosteller.be\/verhalen\/verre-bunder\/28edad36-a841-490d-8271-7556794547de\" target=\"_blank\">Klicken Sie hier auf den Link zu bosteller<\/a><\/h3>\n<\/p>\n<p>   <img data-recalc-dims=\"1\" decoding=\"async\" src=\"https:\/\/i0.wp.com\/creafor.be\/wp-content\/uploads\/2024\/02\/CREAFOR-img_9707.jpg?w=500&#038;ssl=1\" alt=\"\"   class=\"alignnone size-medium wp-image-6182\" \/><br \/>\n    <\/section>\n<\/p><\/div>\n<\/p><\/div>","protected":false},"excerpt":{"rendered":"<p>Een duurzame printwereld Bij Creafor kijken we positief naar een duurzamere printwereld. In 2022 ontwikkelden we ons eerste klimaatplan. Bijna 10.000 bomen aangeplant in Madagaskar. Creafor is pionier in het bedrukken van bio plastics. Ik wil graag meer info aanvragen Ons klimaatplan Bij Creafor streven we naar een duurzame printwereld. We trachten onze voetafdruk zo [&hellip;]<\/p>\n","protected":false},"author":1,"featured_media":3184,"parent":0,"menu_order":9,"comment_status":"closed","ping_status":"closed","template":"","meta":{"_acf_changed":false,"footnotes":""},"class_list":["post-3356","page","type-page","status-publish","has-post-thumbnail","hentry"],"acf":[],"jetpack_sharing_enabled":true,"_links":{"self":[{"href":"https:\/\/creafor.be\/de\/wp-json\/wp\/v2\/pages\/3356","targetHints":{"allow":["GET"]}}],"collection":[{"href":"https:\/\/creafor.be\/de\/wp-json\/wp\/v2\/pages"}],"about":[{"href":"https:\/\/creafor.be\/de\/wp-json\/wp\/v2\/types\/page"}],"author":[{"embeddable":true,"href":"https:\/\/creafor.be\/de\/wp-json\/wp\/v2\/users\/1"}],"replies":[{"embeddable":true,"href":"https:\/\/creafor.be\/de\/wp-json\/wp\/v2\/comments?post=3356"}],"version-history":[{"count":76,"href":"https:\/\/creafor.be\/de\/wp-json\/wp\/v2\/pages\/3356\/revisions"}],"predecessor-version":[{"id":6195,"href":"https:\/\/creafor.be\/de\/wp-json\/wp\/v2\/pages\/3356\/revisions\/6195"}],"wp:featuredmedia":[{"embeddable":true,"href":"https:\/\/creafor.be\/de\/wp-json\/wp\/v2\/media\/3184"}],"wp:attachment":[{"href":"https:\/\/creafor.be\/de\/wp-json\/wp\/v2\/media?parent=3356"}],"curies":[{"name":"wp","href":"https:\/\/api.w.org\/{rel}","templated":true}]}}