{"id":2820,"date":"2020-10-27T09:44:00","date_gmt":"2020-10-27T08:44:00","guid":{"rendered":"https:\/\/creafor.be\/?page_id=2820"},"modified":"2021-02-24T10:07:08","modified_gmt":"2021-02-24T09:07:08","slug":"siebdruckkreafor","status":"publish","type":"page","link":"https:\/\/creafor.be\/de\/zeefdrukkerij-creafor\/","title":{"rendered":"Siebdrucker Creafor"},"content":{"rendered":"<div class=\"wrapper cf\">\n<div class=\"right-30 product-image\"><img data-recalc-dims=\"1\" fetchpriority=\"high\" decoding=\"async\" class=\"attachment-medium size-medium wp-post-image\" src=\"https:\/\/i0.wp.com\/creafor.be\/wp-content\/uploads\/2020\/10\/CREAFOR-zeefdrukkerij-creafor.jpg?resize=500%2C500&#038;ssl=1\" alt=\"Siebdruck\" width=\"500\" height=\"500\" align=\"top\" \/><\/div>\n<div class=\"left-70 product-intro\">\n<h1>Siebdrucker Creafor<\/h1>\n<blockquote><p>Mehr als 30 Jahre Erfahrung im Siebdruck.<\/p><\/blockquote>\n<blockquote><p>Hochmoderne Siebdruckpressen, einzigartig in den Benelux-L\u00e4ndern.<\/p><\/blockquote>\n<blockquote><p>Creafor druckt auf fast alles...<\/p><\/blockquote>\n<div class=\"product-buttons\"><a class=\"button ghost\" href=\"..\/..\/contacteer-ons\">Ich m\u00f6chte gerne mehr Informationen anfordern<\/a><\/div>\n<h2><\/h2>\n<h2>Was ist Siebdruck?<\/h2>\n<p>Der Siebdruck (oder Serigraphie) ist eine Transferdrucktechnik, bei der wir die Farbe mit einer Druckrakel durch die farbdurchl\u00e4ssigen Teile des Siebes dr\u00fccken. Die Siebe gibt es in verschiedenen Maschenweiten, so dass wir die Dicke der Farbschicht bestimmen k\u00f6nnen. Es gibt sehr grobe Siebe, die viel Farbe durchlassen, und sehr feine Siebe. Beim Siebdruck wird Farbe f\u00fcr Farbe gedruckt, so dass wir f\u00fcr jede Farbe ein eigenes Sieb haben.  Der saubere Siebrahmen wird zun\u00e4chst mit einer lichtempfindlichen Emulsion beschichtet, die wir zun\u00e4chst trocknen lassen. Sobald das Sieb trocken ist, k\u00f6nnen wir es mit einem Film belichten, der mit dem Druckbild versehen ist (positiv und lesbar). Die schwarzen Teile des Films halten also die Belichtung auf, diese Teile werden nicht belichtet und geh\u00e4rtet. Dadurch werden diese Teile farbdurchl\u00e4ssig. Nach der Belichtung bespr\u00fchen wir die nicht ausgeh\u00e4rtete Emulsion vom Sieb mit Wasser, jetzt k\u00f6nnen wir mit dem Siebdruck beginnen. Wir montieren das Sieb in perfekter Position (Passer) auf die Siebdruckmaschine. Die Farbe wird mit einer Gegendruckrakel auf das Sieb aufgetragen. Die Druckrakel dr\u00fcckt die Farbe durch die offenen oder farbdurchl\u00e4ssigen Teile des Siebes auf den Tr\u00e4ger. Danach durchl\u00e4uft das bedruckte Material einen Trockentunnel. Fr\u00fcher geschah dies manuell, heute gibt es hochmoderne, vollautomatische Siebdruckmaschinen. M\u00f6chten Sie mehr \u00fcber die Siebdrucktechnik erfahren? Dann sollten Sie sich <a href=\"https:\/\/nl.wikipedia.org\/wiki\/Zeefdruk\" target=\"_blank\" rel=\"noopener\">hier<\/a> einen Blick.<\/p>\n<h2>Warum der Siebdruck?<\/h2>\n<ul>\n<li>der Siebdruck hat im Vergleich zu anderen Drucktechniken eine gr\u00f6\u00dfere Farbschichtdicke<\/li>\n<li>mit Siebdruck k\u00f6nnen wir fast alle Materialien bedrucken, Fragen sind kostenlos<\/li>\n<li>Der Siebdruck hat die gr\u00f6\u00dfte Farbkraft und Langlebigkeit, ideal f\u00fcr den Au\u00dfenbereich.<\/li>\n<li>Im Siebdruck drucken wir mit allen Arten von \"Tinten\", leitf\u00e4higer Tinte, Schokolade, Klebstoff, Phosphor...<\/li>\n<li>F\u00fcr Kunstreproduktionen oder Kunstdrucke ist der Siebdruck die Technik der Wahl.<\/li>\n<li>Siebdruck ist von kleinen (manuell) bis sehr gro\u00dfen Auflagen (vollautomatisch) m\u00f6glich<\/li>\n<li>oder einfach nur, weil Sie ein Fan von Siebdruck sind...<\/li>\n<\/ul>\n<p>&nbsp;<\/p>\n<h2>Warum Siebdruck bei Creafor in Lokeren?<\/h2>\n<ul>\n<li>mehr als 30 Jahre Erfahrung im Siebdruck<\/li>\n<li>4 hochmoderne Siebdrucklinien, einzigartig in den Benelux-L\u00e4ndern<\/li>\n<li>die allerbeste Siebdruckqualit\u00e4t auf dem Markt dank jahrelanger Forschung und Entwicklung<\/li>\n<li>eine Inhouse-L\u00f6sung f\u00fcr alle Formate und Mengen<\/li>\n<li>funktioniert auch f\u00fcr andere Siebdrucker (gute Gesch\u00e4fte machen gute Freunde)<\/li>\n<li>ein junges und dynamisches Team mit einer gemeinsamen Leidenschaft: dem Siebdruck<\/li>\n<li>Alles f\u00fcr einen zufriedenen Kunden, koste es, was es wolle.<\/li>\n<li>Oder einfach nur, weil Sie ein Fan von Creafor sind<\/li>\n<\/ul>\n<div class=\"product-buttons\"><a class=\"button ghost\" href=\"..\/..\/contacteer-ons\">Ich habe eine weitere Frage zum Siebdruck<\/a><\/div>\n<\/div>\n<\/div>","protected":false},"excerpt":{"rendered":"<p>Zeefdrukkerij Creafor Meer dan 30 jaar zeefdruk ervaring. Hypermoderne zeefdrukpersen, uniek in de Benelux. Creafor drukt op bijna alles&#8230; Ik wil graag meer info aanvragen Wat is zeefdruk? Zeefdruk (of serigrafie) is een doordruktechniek waarbij we inkt met een drukrakel door de inktdoorlatende delen van de zeef drukken. De zeven bestaan in diverse gaastypes, zo [&hellip;]<\/p>\n","protected":false},"author":1,"featured_media":0,"parent":0,"menu_order":5,"comment_status":"closed","ping_status":"closed","template":"","meta":{"_acf_changed":false,"footnotes":""},"class_list":["post-2820","page","type-page","status-publish","hentry"],"acf":[],"jetpack_sharing_enabled":true,"_links":{"self":[{"href":"https:\/\/creafor.be\/de\/wp-json\/wp\/v2\/pages\/2820","targetHints":{"allow":["GET"]}}],"collection":[{"href":"https:\/\/creafor.be\/de\/wp-json\/wp\/v2\/pages"}],"about":[{"href":"https:\/\/creafor.be\/de\/wp-json\/wp\/v2\/types\/page"}],"author":[{"embeddable":true,"href":"https:\/\/creafor.be\/de\/wp-json\/wp\/v2\/users\/1"}],"replies":[{"embeddable":true,"href":"https:\/\/creafor.be\/de\/wp-json\/wp\/v2\/comments?post=2820"}],"version-history":[{"count":23,"href":"https:\/\/creafor.be\/de\/wp-json\/wp\/v2\/pages\/2820\/revisions"}],"predecessor-version":[{"id":3168,"href":"https:\/\/creafor.be\/de\/wp-json\/wp\/v2\/pages\/2820\/revisions\/3168"}],"wp:attachment":[{"href":"https:\/\/creafor.be\/de\/wp-json\/wp\/v2\/media?parent=2820"}],"curies":[{"name":"wp","href":"https:\/\/api.w.org\/{rel}","templated":true}]}}